{"id":3480,"date":"2021-06-21T14:21:46","date_gmt":"2021-06-21T13:21:46","guid":{"rendered":"https:\/\/www.motimateapp.com\/?page_id=3480"},"modified":"2023-09-18T10:27:16","modified_gmt":"2023-09-18T09:27:16","slug":"norsis-opplasting","status":"publish","type":"page","link":"https:\/\/www.motimateapp.com\/no\/norsis-opplasting\/","title":{"rendered":"Brukeropplasting"},"content":{"rendered":"\n<p><\/p>\n\n\n\n<section class=\"wp-block-motimate-section has-md-paddingY\"><div class=\"container\">\n<div class=\"wp-block-motimate-alternating-columns\">\n<div class=\"wp-block-motimate-alternating-column reverse image-text\" id=\"\">\n    <div class=\"column-media d-flex align-items-center justify-content-center\">\n                    <img decoding=\"async\" src=\"https:\/\/www.motimateapp.com\/wp-content\/uploads\/2021\/02\/learning-made-fun@2x-1024x707.png\" alt=\"\">\n            <\/div>\n\n    <div class=\"column-content d-flex align-items-center justify-content-center\">\n        <div>\n            \n\n<figure class=\"wp-block-image size-full\"><img decoding=\"async\" width=\"236\" height=\"66\" src=\"https:\/\/www.motimateapp.com\/wp-content\/uploads\/2022\/09\/Norsis-Logo_03.jpg\" alt=\"\" class=\"wp-image-5940\" srcset=\"https:\/\/www.motimateapp.com\/wp-content\/uploads\/2022\/09\/Norsis-Logo_03.jpg 236w, https:\/\/www.motimateapp.com\/wp-content\/uploads\/2022\/09\/Norsis-Logo_03-100x28.jpg 100w\" sizes=\"(max-width: 236px) 100vw, 236px\" \/><\/figure>\n\n\n\n<h2 class=\"wp-block-motimate-heading has-sm-mb has-xl-font-size\">Opplasting av brukere<\/h2>\n\n\n\n<p>Vennligst bruk dette skjemaet for \u00e5 sikkert laste opp brukere som skal ha tilgang til sikkerhetskurs i Motimate-kontoen til din organisasjon.<\/p>\n\n\n\n<p><strong>VIKTIG! Formatering av CSV-fil:<\/strong><\/p>\n\n\n\n<ul class=\"wp-block-list\">\n<li>CSV-filen m\u00e5 v\u00e6re formatert med f\u00f8lgende kolonner per bruker og i denne rekkef\u00f8lge:\n<ol class=\"wp-block-list\">\n<li>email<\/li>\n\n\n\n<li>first_name<\/li>\n\n\n\n<li>last_name<\/li>\n<\/ol>\n<\/li>\n\n\n\n<li>Bruk navnene ovenfor som titler p\u00e5 f\u00f8rste rad.<\/li>\n\n\n\n<li>Det er viktig at fornavn og etternavn er adskilt. Fullt navn i samme kolonne aksepteres ikke!<\/li>\n\n\n\n<li>Bruk komma eller semi-kolon som skilletegn.<\/li>\n\n\n\n<li>Lagre med f\u00f8lgende tegnsett: Unicode \/ UTF-8.<\/li>\n\n\n\n<li>Maksimum filst\u00f8rrelse: 10 MB.<br><br><br>Betingelser akseptert ved bestilling: <a href=\"https:\/\/www.motimateapp.com\/no\/avtalevilkarene\/\" target=\"_blank\" rel=\"noreferrer noopener\">Avtalevilk\u00e5rene<\/a>,\u00a0<a href=\"https:\/\/www.motimateapp.com\/no\/personvernerklaeringen\/\" target=\"_blank\" rel=\"noreferrer noopener\">Personvernerkl\u00e6ringen<\/a>\u00a0og <a href=\"https:\/\/www.motimateapp.com\/no\/databehandleravtalen\/\" target=\"_blank\" rel=\"noreferrer noopener\">Databehandleravtalen<\/a>.<\/li>\n<\/ul>\n\n\n\n<p><\/p>\n\n        <\/div>\n    <\/div>\n<\/div>\n<\/div>\n\n\n\n<div class=\"wp-block-motimate-accordion\"><div class=\"row\"><div class=\"col-12\"><div class=\"accordion motimate-block-accordion\" id=\"accordion-5d0f4b7a-24a8-4dae-b03c-518fcf73fb81\">\n<div class=\"wp-block-motimate-accordion-item motimate-block-accordion-item\"><div class=\"card-header has-motimate-purple-base-background-color\" id=\"heading-f2489ce6-a8d7-4f2f-8e24-62b158194be4\"><h3 class=\"mb-0\"><button class=\"btn btn-link btn-block text-left\" type=\"button\" data-toggle=\"collapse\" data-target=\"#collapse-f2489ce6-a8d7-4f2f-8e24-62b158194be4\" aria-expanded=\"false\" aria-controls=\"collapse-f2489ce6-a8d7-4f2f-8e24-62b158194be4\"><span>Hvordan eksportere til CSV-format i Excel?<\/span><\/button><\/h3><\/div><div id=\"collapse-f2489ce6-a8d7-4f2f-8e24-62b158194be4\" class=\"collapse\" aria-labelledby=\"heading-f2489ce6-a8d7-4f2f-8e24-62b158194be4\"><div class=\"card-body-wrapper\"><div class=\"card-body\">\n<ol class=\"wp-block-list\">\n<li>Pass p\u00e5 \u00e5 bruke f\u00f8lgende overskrifter p\u00e5 rad 1 og de tre kolonnene i denne rekkef\u00f8lgen\n<ul class=\"wp-block-list\">\n<li>Kolonne A: <strong>email<\/strong><\/li>\n\n\n\n<li>Kolonne B: <strong>first_name<\/strong><\/li>\n\n\n\n<li>Kolonne C: <strong>last_name<\/strong><\/li>\n\n\n\n<li>Slett alle andre kolonner!<\/li>\n\n\n\n<li>Pass p\u00e5 at det ikke er noen tomme rader f\u00f8r siste rad!<\/li>\n<\/ul>\n<\/li>\n\n\n\n<li>Klikk <strong>Fil<\/strong> og velg deretter <strong>Lagre som&#8230;<\/strong><\/li>\n\n\n\n<li>Velg f\u00f8lgende filtype: <strong>CSV UTF-8 (kommadelt) (.csv)<\/strong><\/li>\n\n\n\n<li>Gi et passende navn p\u00e5 filen, f.eks.: <strong>min_org.csv<\/strong><\/li>\n\n\n\n<li>Klikk deretter <strong>Lagre<\/strong>.<\/li>\n\n\n\n<li>Pass p\u00e5 at det er CSV-filen du nettopp lagret, og ikke en fil av typen .XLS eller .XLSX som du laster opp lenger nede i dette skjemaet!<\/li>\n<\/ol>\n\n\n\n<p>Eksempel p\u00e5 hvordan data m\u00e5 se ut hvis du redigerer i Excel:<\/p>\n\n\n\n<figure class=\"wp-block-image size-full\"><img decoding=\"async\" width=\"520\" height=\"130\" src=\"https:\/\/www.motimateapp.com\/wp-content\/uploads\/2021\/06\/Screenshot-2021-06-24-at-12.52.21.png\" alt=\"\" class=\"wp-image-3495\" srcset=\"https:\/\/www.motimateapp.com\/wp-content\/uploads\/2021\/06\/Screenshot-2021-06-24-at-12.52.21.png 520w, https:\/\/www.motimateapp.com\/wp-content\/uploads\/2021\/06\/Screenshot-2021-06-24-at-12.52.21-300x75.png 300w, https:\/\/www.motimateapp.com\/wp-content\/uploads\/2021\/06\/Screenshot-2021-06-24-at-12.52.21-330x83.png 330w, https:\/\/www.motimateapp.com\/wp-content\/uploads\/2021\/06\/Screenshot-2021-06-24-at-12.52.21-100x25.png 100w\" sizes=\"(max-width: 520px) 100vw, 520px\" \/><\/figure>\n\n\n\n<p><\/p>\n<\/div><\/div><\/div><\/div>\n<\/div><\/div><\/div><\/div>\n\n\n<script type=\"text\/javascript\">\n\/* <![CDATA[ *\/\nvar gform;gform||(document.addEventListener(\"gform_main_scripts_loaded\",function(){gform.scriptsLoaded=!0}),document.addEventListener(\"gform\/theme\/scripts_loaded\",function(){gform.themeScriptsLoaded=!0}),window.addEventListener(\"DOMContentLoaded\",function(){gform.domLoaded=!0}),gform={domLoaded:!1,scriptsLoaded:!1,themeScriptsLoaded:!1,isFormEditor:()=>\"function\"==typeof InitializeEditor,callIfLoaded:function(o){return!(!gform.domLoaded||!gform.scriptsLoaded||!gform.themeScriptsLoaded&&!gform.isFormEditor()||(gform.isFormEditor()&&console.warn(\"The use of gform.initializeOnLoaded() is deprecated in the form editor context and will be removed in Gravity Forms 3.1.\"),o(),0))},initializeOnLoaded:function(o){gform.callIfLoaded(o)||(document.addEventListener(\"gform_main_scripts_loaded\",()=>{gform.scriptsLoaded=!0,gform.callIfLoaded(o)}),document.addEventListener(\"gform\/theme\/scripts_loaded\",()=>{gform.themeScriptsLoaded=!0,gform.callIfLoaded(o)}),window.addEventListener(\"DOMContentLoaded\",()=>{gform.domLoaded=!0,gform.callIfLoaded(o)}))},hooks:{action:{},filter:{}},addAction:function(o,r,e,t){gform.addHook(\"action\",o,r,e,t)},addFilter:function(o,r,e,t){gform.addHook(\"filter\",o,r,e,t)},doAction:function(o){gform.doHook(\"action\",o,arguments)},applyFilters:function(o){return gform.doHook(\"filter\",o,arguments)},removeAction:function(o,r){gform.removeHook(\"action\",o,r)},removeFilter:function(o,r,e){gform.removeHook(\"filter\",o,r,e)},addHook:function(o,r,e,t,n){null==gform.hooks[o][r]&&(gform.hooks[o][r]=[]);var d=gform.hooks[o][r];null==n&&(n=r+\"_\"+d.length),gform.hooks[o][r].push({tag:n,callable:e,priority:t=null==t?10:t})},doHook:function(r,o,e){var t;if(e=Array.prototype.slice.call(e,1),null!=gform.hooks[r][o]&&((o=gform.hooks[r][o]).sort(function(o,r){return o.priority-r.priority}),o.forEach(function(o){\"function\"!=typeof(t=o.callable)&&(t=window[t]),\"action\"==r?t.apply(null,e):e[0]=t.apply(null,e)})),\"filter\"==r)return e[0]},removeHook:function(o,r,t,n){var e;null!=gform.hooks[o][r]&&(e=(e=gform.hooks[o][r]).filter(function(o,r,e){return!!(null!=n&&n!=o.tag||null!=t&&t!=o.priority)}),gform.hooks[o][r]=e)}});\n\/* ]]> *\/\n<\/script>\n\n                <div class='gf_browser_gecko gform_wrapper gform_legacy_markup_wrapper gform-theme--no-framework' data-form-theme='legacy' data-form-index='0' id='gform_wrapper_33' ><div id='gf_33' class='gform_anchor' tabindex='-1'><\/div><form method='post' enctype='multipart\/form-data' target='gform_ajax_frame_33' id='gform_33'  action='\/no\/wp-json\/wp\/v2\/pages\/3480#gf_33' data-formid='33' novalidate>\n                        <div class='gform-body gform_body'><ul id='gform_fields_33' class='gform_fields top_label form_sublabel_below description_below validation_below'><li id=\"field_33_10\" class=\"gfield gfield--type-text gfield--width-full gfield_contains_required field_sublabel_below gfield--no-description field_description_below field_validation_below gfield_visibility_visible\"  ><label class='gfield_label gform-field-label' for='input_33_10'>Ditt fornavn:<span class=\"gfield_required\"><span class=\"gfield_required gfield_required_asterisk\">*<\/span><\/span><\/label><div class='ginput_container ginput_container_text'><input name='input_10' id='input_33_10' type='text' value='' class='large'     aria-required=\"true\" aria-invalid=\"false\"   \/><\/div><\/li><li id=\"field_33_11\" class=\"gfield gfield--type-text gfield--width-full gfield_contains_required field_sublabel_below gfield--no-description field_description_below field_validation_below gfield_visibility_visible\"  ><label class='gfield_label gform-field-label' for='input_33_11'>Ditt etternavn:<span class=\"gfield_required\"><span class=\"gfield_required gfield_required_asterisk\">*<\/span><\/span><\/label><div class='ginput_container ginput_container_text'><input name='input_11' id='input_33_11' type='text' value='' class='large'     aria-required=\"true\" aria-invalid=\"false\"   \/><\/div><\/li><li id=\"field_33_8\" class=\"gfield gfield--type-email gfield--width-full gfield_contains_required field_sublabel_below gfield--no-description field_description_below field_validation_below gfield_visibility_visible\"  ><label class='gfield_label gform-field-label' for='input_33_8'>Din e-postadresse:<span class=\"gfield_required\"><span class=\"gfield_required gfield_required_asterisk\">*<\/span><\/span><\/label><div class='ginput_container ginput_container_email'>\n                            <input name='input_8' id='input_33_8' type='email' value='' class='large'    aria-required=\"true\" aria-invalid=\"false\"  \/>\n                        <\/div><\/li><li id=\"field_33_4\" class=\"gfield gfield--type-text gfield_contains_required field_sublabel_below gfield--no-description field_description_below field_validation_below gfield_visibility_visible\"  ><label class='gfield_label gform-field-label' for='input_33_4'>Navn p\u00e5 din organisasjon:<span class=\"gfield_required\"><span class=\"gfield_required gfield_required_asterisk\">*<\/span><\/span><\/label><div class='ginput_container ginput_container_text'><input name='input_4' id='input_33_4' type='text' value='' class='large'     aria-required=\"true\" aria-invalid=\"false\"   \/><\/div><\/li><li id=\"field_33_12\" class=\"gfield gfield--type-text gfield--input-type-adminonly_hidden gfield--width-full field_admin_only gfield_contains_required field_sublabel_below gfield--no-description field_description_below field_validation_below gfield_visibility_administrative\"  ><input name='input_12' id='input_33_12' class='gform_hidden' type='hidden' value=''\/><\/li><li id=\"field_33_5\" class=\"gfield gfield--type-fileupload gfield_contains_required field_sublabel_below gfield--no-description field_description_below field_validation_below gfield_visibility_visible\"  ><label class='gfield_label gform-field-label' for='input_33_5'>Last opp CSV-fil her:<span class=\"gfield_required\"><span class=\"gfield_required gfield_required_asterisk\">*<\/span><\/span><\/label><div class='ginput_container ginput_container_fileupload'><input type='hidden' name='MAX_FILE_SIZE' value='10485760' \/><input name='input_5' id='input_33_5' type='file' class='large' aria-describedby=\"gfield_upload_rules_33_5\" onchange='javascript:gformValidateFileSize( this, 10485760 );'  \/><span class='gfield_description gform_fileupload_rules' id='gfield_upload_rules_33_5'>Godkjente filformater: csv, Max. file size: 10 MB.<\/span><div class='gfield_description validation_message gfield_validation_message validation_message--hidden-on-empty' id='live_validation_message_33_5'><\/div> <\/div><\/li><li id=\"field_33_6\" class=\"gfield gfield--type-captcha gfield--width-full field_sublabel_below gfield--no-description field_description_below field_validation_below gfield_visibility_visible\"  ><label class='gfield_label gform-field-label' for='input_33_6'>CAPTCHA<\/label><div id='input_33_6' class='ginput_container ginput_recaptcha' data-sitekey='6Lcn3JYcAAAAACnV4zoms5g7ljaIxTdjcni0ArMP'  data-theme='light' data-tabindex='0'  data-badge=''><\/div><\/li><\/ul><\/div>\n        <div class='gform-footer gform_footer top_label'> <input type='submit' id='gform_submit_button_33' class='gform_button button' onclick='gform.submission.handleButtonClick(this);' data-submission-type='submit' value='Last opp'  \/> <input type='hidden' name='gform_ajax' value='form_id=33&amp;title=&amp;description=&amp;tabindex=0&amp;theme=legacy&amp;styles={&quot;inputPrimaryColor&quot;:&quot;#204ce5&quot;}&amp;hash=34272e2b7c4d55edcf89c8f228033472' \/>\n            <input type='hidden' class='gform_hidden' name='gform_submission_method' data-js='gform_submission_method_33' value='iframe' \/>\n            <input type='hidden' class='gform_hidden' name='gform_theme' data-js='gform_theme_33' id='gform_theme_33' value='legacy' \/>\n            <input type='hidden' class='gform_hidden' name='gform_style_settings' data-js='gform_style_settings_33' id='gform_style_settings_33' value='{&quot;inputPrimaryColor&quot;:&quot;#204ce5&quot;}' \/>\n            <input type='hidden' class='gform_hidden' name='is_submit_33' value='1' \/>\n            <input type='hidden' class='gform_hidden' name='gform_submit' value='33' \/>\n            \n            <input type='hidden' class='gform_hidden' name='gform_currency' data-currency='EUR' value='r0g2Ihzl+6abm2N0yqtDXoLKyY2TN3YuMOkxhTLWDRMSakO9xhJAuKZJWjIRBnL90uhG8LEIGRbA9Ggl3IbIQ1Q86STpjGzrVZMwOVYmZlpXd0g=' \/>\n            <input type='hidden' class='gform_hidden' name='gform_unique_id' value='' \/>\n            <input type='hidden' class='gform_hidden' name='state_33' value='WyJbXSIsImQ0ZjU2ZDZlMDc5YWU2NmI3ZDcwODlkNGY0NmQ0MmYyIl0=' \/>\n            <input type='hidden' autocomplete='off' class='gform_hidden' name='gform_target_page_number_33' id='gform_target_page_number_33' value='0' \/>\n            <input type='hidden' autocomplete='off' class='gform_hidden' name='gform_source_page_number_33' id='gform_source_page_number_33' value='1' \/>\n            <input type='hidden' name='gform_field_values' value='' \/>\n            \n        <\/div>\n                        <\/form>\n                        <\/div>\n\t\t                <iframe style='display:none;width:0px;height:0px;' src='about:blank' name='gform_ajax_frame_33' id='gform_ajax_frame_33' title='This iframe contains the logic required to handle Ajax powered Gravity Forms.'><\/iframe>\n\t\t                <script type=\"text\/javascript\">\n\/* <![CDATA[ *\/\n gform.initializeOnLoaded( function() {gformInitSpinner( 33, 'https:\/\/www.motimateapp.com\/wp-content\/plugins\/gravityforms\/images\/spinner.svg', true );jQuery('#gform_ajax_frame_33').on('load',function(){var contents = jQuery(this).contents().find('*').html();var is_postback = contents.indexOf('GF_AJAX_POSTBACK') >= 0;if(!is_postback){return;}var form_content = jQuery(this).contents().find('#gform_wrapper_33');var is_confirmation = jQuery(this).contents().find('#gform_confirmation_wrapper_33').length > 0;var is_redirect = contents.indexOf('gformRedirect(){') >= 0;var is_form = form_content.length > 0 && ! is_redirect && ! is_confirmation;var mt = parseInt(jQuery('html').css('margin-top'), 10) + parseInt(jQuery('body').css('margin-top'), 10) + 100;if(is_form){jQuery('#gform_wrapper_33').html(form_content.html());if(form_content.hasClass('gform_validation_error')){jQuery('#gform_wrapper_33').addClass('gform_validation_error');} else {jQuery('#gform_wrapper_33').removeClass('gform_validation_error');}setTimeout( function() { \/* delay the scroll by 50 milliseconds to fix a bug in chrome *\/ jQuery(document).scrollTop(jQuery('#gform_wrapper_33').offset().top - mt); }, 50 );if(window['gformInitDatepicker']) {gformInitDatepicker();}if(window['gformInitPriceFields']) {gformInitPriceFields();}var current_page = jQuery('#gform_source_page_number_33').val();gformInitSpinner( 33, 'https:\/\/www.motimateapp.com\/wp-content\/plugins\/gravityforms\/images\/spinner.svg', true );jQuery(document).trigger('gform_page_loaded', [33, current_page]);window['gf_submitting_33'] = false;}else if(!is_redirect){var confirmation_content = jQuery(this).contents().find('.GF_AJAX_POSTBACK').html();if(!confirmation_content){confirmation_content = contents;}jQuery('#gform_wrapper_33').replaceWith(confirmation_content);jQuery(document).scrollTop(jQuery('#gf_33').offset().top - mt);jQuery(document).trigger('gform_confirmation_loaded', [33]);window['gf_submitting_33'] = false;wp.a11y.speak(jQuery('#gform_confirmation_message_33').text());}else{jQuery('#gform_33').append(contents);if(window['gformRedirect']) {gformRedirect();}}jQuery(document).trigger(\"gform_pre_post_render\", [{ formId: \"33\", currentPage: \"current_page\", abort: function() { this.preventDefault(); } }]);        if (event && event.defaultPrevented) {                return;        }        const gformWrapperDiv = document.getElementById( \"gform_wrapper_33\" );        if ( gformWrapperDiv ) {            const visibilitySpan = document.createElement( \"span\" );            visibilitySpan.id = \"gform_visibility_test_33\";            gformWrapperDiv.insertAdjacentElement( \"afterend\", visibilitySpan );        }        const visibilityTestDiv = document.getElementById( \"gform_visibility_test_33\" );        let postRenderFired = false;        function triggerPostRender() {            if ( postRenderFired ) {                return;            }            postRenderFired = true;            gform.core.triggerPostRenderEvents( 33, current_page );            if ( visibilityTestDiv ) {                visibilityTestDiv.parentNode.removeChild( visibilityTestDiv );            }        }        function debounce( func, wait, immediate ) {            var timeout;            return function() {                var context = this, args = arguments;                var later = function() {                    timeout = null;                    if ( !immediate ) func.apply( context, args );                };                var callNow = immediate && !timeout;                clearTimeout( timeout );                timeout = setTimeout( later, wait );                if ( callNow ) func.apply( context, args );            };        }        const debouncedTriggerPostRender = debounce( function() {            triggerPostRender();        }, 200 );        if ( visibilityTestDiv && visibilityTestDiv.offsetParent === null ) {            const observer = new MutationObserver( ( mutations ) => {                mutations.forEach( ( mutation ) => {                    if ( mutation.type === 'attributes' && visibilityTestDiv.offsetParent !== null ) {                        debouncedTriggerPostRender();                        observer.disconnect();                    }                });            });            observer.observe( document.body, {                attributes: true,                childList: false,                subtree: true,                attributeFilter: [ 'style', 'class' ],            });        } else {            triggerPostRender();        }    } );} ); \n\/* ]]> *\/\n<\/script>\n\n\n\n<p><\/p>\n<\/div><\/section>\n","protected":false},"excerpt":{"rendered":"","protected":false},"author":13,"featured_media":3050,"parent":0,"menu_order":0,"comment_status":"closed","ping_status":"closed","template":"","meta":{"_acf_changed":false,"footnotes":""},"class_list":["post-3480","page","type-page","status-publish","has-post-thumbnail","hentry"],"acf":[],"yoast_head":"<!-- This site is optimized with the Yoast SEO plugin v27.3 - https:\/\/yoast.com\/product\/yoast-seo-wordpress\/ -->\n<title>Brukeropplasting - Motimate<\/title>\n<meta name=\"robots\" content=\"index, follow, max-snippet:-1, max-image-preview:large, max-video-preview:-1\" \/>\n<link rel=\"canonical\" href=\"https:\/\/www.motimateapp.com\/no\/norsis-opplasting\/\" \/>\n<meta property=\"og:locale\" content=\"nb_NO\" \/>\n<meta property=\"og:type\" content=\"article\" \/>\n<meta property=\"og:title\" content=\"Brukeropplasting - Motimate\" \/>\n<meta property=\"og:url\" content=\"https:\/\/www.motimateapp.com\/no\/norsis-opplasting\/\" \/>\n<meta property=\"og:site_name\" content=\"Motimate\" \/>\n<meta property=\"article:publisher\" content=\"https:\/\/www.facebook.com\/motimateapp\/\" \/>\n<meta property=\"article:modified_time\" content=\"2023-09-18T09:27:16+00:00\" \/>\n<meta property=\"og:image\" content=\"https:\/\/www.motimateapp.com\/wp-content\/uploads\/2021\/02\/learning-made-fun@2x.png\" \/>\n\t<meta property=\"og:image:width\" content=\"1938\" \/>\n\t<meta property=\"og:image:height\" content=\"1338\" \/>\n\t<meta property=\"og:image:type\" content=\"image\/png\" \/>\n<meta name=\"twitter:card\" content=\"summary_large_image\" \/>\n<meta name=\"twitter:label1\" content=\"Ansl. lesetid\" \/>\n\t<meta name=\"twitter:data1\" content=\"2 minutter\" \/>\n<script type=\"application\/ld+json\" class=\"yoast-schema-graph\">{\"@context\":\"https:\\\/\\\/schema.org\",\"@graph\":[{\"@type\":\"WebPage\",\"@id\":\"https:\\\/\\\/www.motimateapp.com\\\/no\\\/norsis-opplasting\\\/\",\"url\":\"https:\\\/\\\/www.motimateapp.com\\\/no\\\/norsis-opplasting\\\/\",\"name\":\"Brukeropplasting - Motimate\",\"isPartOf\":{\"@id\":\"https:\\\/\\\/www.motimateapp.com\\\/#website\"},\"primaryImageOfPage\":{\"@id\":\"https:\\\/\\\/www.motimateapp.com\\\/no\\\/norsis-opplasting\\\/#primaryimage\"},\"image\":{\"@id\":\"https:\\\/\\\/www.motimateapp.com\\\/no\\\/norsis-opplasting\\\/#primaryimage\"},\"thumbnailUrl\":\"https:\\\/\\\/www.motimateapp.com\\\/wp-content\\\/uploads\\\/2021\\\/02\\\/learning-made-fun@2x.png\",\"datePublished\":\"2021-06-21T13:21:46+00:00\",\"dateModified\":\"2023-09-18T09:27:16+00:00\",\"breadcrumb\":{\"@id\":\"https:\\\/\\\/www.motimateapp.com\\\/no\\\/norsis-opplasting\\\/#breadcrumb\"},\"inLanguage\":\"nb-NO\",\"potentialAction\":[{\"@type\":\"ReadAction\",\"target\":[\"https:\\\/\\\/www.motimateapp.com\\\/no\\\/norsis-opplasting\\\/\"]}]},{\"@type\":\"ImageObject\",\"inLanguage\":\"nb-NO\",\"@id\":\"https:\\\/\\\/www.motimateapp.com\\\/no\\\/norsis-opplasting\\\/#primaryimage\",\"url\":\"https:\\\/\\\/www.motimateapp.com\\\/wp-content\\\/uploads\\\/2021\\\/02\\\/learning-made-fun@2x.png\",\"contentUrl\":\"https:\\\/\\\/www.motimateapp.com\\\/wp-content\\\/uploads\\\/2021\\\/02\\\/learning-made-fun@2x.png\",\"width\":1938,\"height\":1338},{\"@type\":\"BreadcrumbList\",\"@id\":\"https:\\\/\\\/www.motimateapp.com\\\/no\\\/norsis-opplasting\\\/#breadcrumb\",\"itemListElement\":[{\"@type\":\"ListItem\",\"position\":1,\"name\":\"Home\",\"item\":\"https:\\\/\\\/www.motimateapp.com\\\/\"},{\"@type\":\"ListItem\",\"position\":2,\"name\":\"Brukeropplasting\"}]},{\"@type\":\"WebSite\",\"@id\":\"https:\\\/\\\/www.motimateapp.com\\\/#website\",\"url\":\"https:\\\/\\\/www.motimateapp.com\\\/\",\"name\":\"Motimate\",\"description\":\"\",\"potentialAction\":[{\"@type\":\"SearchAction\",\"target\":{\"@type\":\"EntryPoint\",\"urlTemplate\":\"https:\\\/\\\/www.motimateapp.com\\\/?s={search_term_string}\"},\"query-input\":{\"@type\":\"PropertyValueSpecification\",\"valueRequired\":true,\"valueName\":\"search_term_string\"}}],\"inLanguage\":\"nb-NO\"}]}<\/script>\n<!-- \/ Yoast SEO plugin. -->","yoast_head_json":{"title":"Brukeropplasting - Motimate","robots":{"index":"index","follow":"follow","max-snippet":"max-snippet:-1","max-image-preview":"max-image-preview:large","max-video-preview":"max-video-preview:-1"},"canonical":"https:\/\/www.motimateapp.com\/no\/norsis-opplasting\/","og_locale":"nb_NO","og_type":"article","og_title":"Brukeropplasting - Motimate","og_url":"https:\/\/www.motimateapp.com\/no\/norsis-opplasting\/","og_site_name":"Motimate","article_publisher":"https:\/\/www.facebook.com\/motimateapp\/","article_modified_time":"2023-09-18T09:27:16+00:00","og_image":[{"width":1938,"height":1338,"url":"https:\/\/www.motimateapp.com\/wp-content\/uploads\/2021\/02\/learning-made-fun@2x.png","type":"image\/png"}],"twitter_card":"summary_large_image","twitter_misc":{"Ansl. lesetid":"2 minutter"},"schema":{"@context":"https:\/\/schema.org","@graph":[{"@type":"WebPage","@id":"https:\/\/www.motimateapp.com\/no\/norsis-opplasting\/","url":"https:\/\/www.motimateapp.com\/no\/norsis-opplasting\/","name":"Brukeropplasting - Motimate","isPartOf":{"@id":"https:\/\/www.motimateapp.com\/#website"},"primaryImageOfPage":{"@id":"https:\/\/www.motimateapp.com\/no\/norsis-opplasting\/#primaryimage"},"image":{"@id":"https:\/\/www.motimateapp.com\/no\/norsis-opplasting\/#primaryimage"},"thumbnailUrl":"https:\/\/www.motimateapp.com\/wp-content\/uploads\/2021\/02\/learning-made-fun@2x.png","datePublished":"2021-06-21T13:21:46+00:00","dateModified":"2023-09-18T09:27:16+00:00","breadcrumb":{"@id":"https:\/\/www.motimateapp.com\/no\/norsis-opplasting\/#breadcrumb"},"inLanguage":"nb-NO","potentialAction":[{"@type":"ReadAction","target":["https:\/\/www.motimateapp.com\/no\/norsis-opplasting\/"]}]},{"@type":"ImageObject","inLanguage":"nb-NO","@id":"https:\/\/www.motimateapp.com\/no\/norsis-opplasting\/#primaryimage","url":"https:\/\/www.motimateapp.com\/wp-content\/uploads\/2021\/02\/learning-made-fun@2x.png","contentUrl":"https:\/\/www.motimateapp.com\/wp-content\/uploads\/2021\/02\/learning-made-fun@2x.png","width":1938,"height":1338},{"@type":"BreadcrumbList","@id":"https:\/\/www.motimateapp.com\/no\/norsis-opplasting\/#breadcrumb","itemListElement":[{"@type":"ListItem","position":1,"name":"Home","item":"https:\/\/www.motimateapp.com\/"},{"@type":"ListItem","position":2,"name":"Brukeropplasting"}]},{"@type":"WebSite","@id":"https:\/\/www.motimateapp.com\/#website","url":"https:\/\/www.motimateapp.com\/","name":"Motimate","description":"","potentialAction":[{"@type":"SearchAction","target":{"@type":"EntryPoint","urlTemplate":"https:\/\/www.motimateapp.com\/?s={search_term_string}"},"query-input":{"@type":"PropertyValueSpecification","valueRequired":true,"valueName":"search_term_string"}}],"inLanguage":"nb-NO"}]}},"_links":{"self":[{"href":"https:\/\/www.motimateapp.com\/no\/wp-json\/wp\/v2\/pages\/3480","targetHints":{"allow":["GET"]}}],"collection":[{"href":"https:\/\/www.motimateapp.com\/no\/wp-json\/wp\/v2\/pages"}],"about":[{"href":"https:\/\/www.motimateapp.com\/no\/wp-json\/wp\/v2\/types\/page"}],"author":[{"embeddable":true,"href":"https:\/\/www.motimateapp.com\/no\/wp-json\/wp\/v2\/users\/13"}],"replies":[{"embeddable":true,"href":"https:\/\/www.motimateapp.com\/no\/wp-json\/wp\/v2\/comments?post=3480"}],"version-history":[{"count":0,"href":"https:\/\/www.motimateapp.com\/no\/wp-json\/wp\/v2\/pages\/3480\/revisions"}],"wp:featuredmedia":[{"embeddable":true,"href":"https:\/\/www.motimateapp.com\/no\/wp-json\/wp\/v2\/media\/3050"}],"wp:attachment":[{"href":"https:\/\/www.motimateapp.com\/no\/wp-json\/wp\/v2\/media?parent=3480"}],"curies":[{"name":"wp","href":"https:\/\/api.w.org\/{rel}","templated":true}]}}